{"id":23,"date":"2026-03-16T12:14:19","date_gmt":"2026-03-16T12:14:19","guid":{"rendered":"https:\/\/vsterlink.com\/product\/vehicle-gps-tracker-5\/"},"modified":"2026-04-07T08:54:38","modified_gmt":"2026-04-07T08:54:38","slug":"rastreador-gps-para-veiculos-5","status":"publish","type":"product","link":"https:\/\/vsterlink.com\/pt\/product\/vehicle-gps-tracker-5\/","title":{"rendered":"Rastreador GPS para ve\u00edculos"},"content":{"rendered":"<p>Nosso rastreador GPS para ve\u00edculos oferece atualiza\u00e7\u00f5es de localiza\u00e7\u00e3o em tempo real, design dur\u00e1vel e f\u00e1cil instala\u00e7\u00e3o, perfeito para gerenciamento de frotas e preven\u00e7\u00e3o de roubos em diversos ambientes.<\/p>","protected":false},"excerpt":{"rendered":"<p>Nosso rastreador GPS para ve\u00edculos oferece atualiza\u00e7\u00f5es de localiza\u00e7\u00e3o em tempo real, design dur\u00e1vel e f\u00e1cil instala\u00e7\u00e3o, perfeito para gerenciamento de frotas e preven\u00e7\u00e3o de roubos em diversos ambientes.<\/p>","protected":false},"featured_media":0,"comment_status":"open","ping_status":"closed","template":"","meta":[],"product_brand":[],"product_cat":[55,57,18,56,54],"product_tag":[],"class_list":{"0":"post-23","1":"product","2":"type-product","3":"status-publish","5":"product_cat-asset-container-gps-trackers","6":"product_cat-dash-cameras-video-telematics","7":"product_cat-motorcycle-gps","8":"product_cat-personal-pet-gps-trackers","9":"product_cat-vehicle-gps-trackers","11":"first","12":"instock","13":"shipping-taxable","14":"purchasable","15":"product-type-simple"},"jetpack_sharing_enabled":true,"_links":{"self":[{"href":"https:\/\/vsterlink.com\/pt\/wp-json\/wp\/v2\/product\/23","targetHints":{"allow":["GET"]}}],"collection":[{"href":"https:\/\/vsterlink.com\/pt\/wp-json\/wp\/v2\/product"}],"about":[{"href":"https:\/\/vsterlink.com\/pt\/wp-json\/wp\/v2\/types\/product"}],"replies":[{"embeddable":true,"href":"https:\/\/vsterlink.com\/pt\/wp-json\/wp\/v2\/comments?post=23"}],"wp:attachment":[{"href":"https:\/\/vsterlink.com\/pt\/wp-json\/wp\/v2\/media?parent=23"}],"wp:term":[{"taxonomy":"product_brand","embeddable":true,"href":"https:\/\/vsterlink.com\/pt\/wp-json\/wp\/v2\/product_brand?post=23"},{"taxonomy":"product_cat","embeddable":true,"href":"https:\/\/vsterlink.com\/pt\/wp-json\/wp\/v2\/product_cat?post=23"},{"taxonomy":"product_tag","embeddable":true,"href":"https:\/\/vsterlink.com\/pt\/wp-json\/wp\/v2\/product_tag?post=23"}],"curies":[{"name":"wp","href":"https:\/\/api.w.org\/{rel}","templated":true}]}}