{"id":15,"date":"2026-03-16T12:14:14","date_gmt":"2026-03-16T12:14:14","guid":{"rendered":"https:\/\/vsterlink.com\/product\/vehicle-gps-tracker\/"},"modified":"2026-04-07T08:54:38","modified_gmt":"2026-04-07T08:54:38","slug":"rastreador-gps-para-veiculos","status":"publish","type":"product","link":"https:\/\/vsterlink.com\/pt\/product\/vehicle-gps-tracker\/","title":{"rendered":"Rastreador GPS para ve\u00edculos"},"content":{"rendered":"<p>Nosso rastreador GPS para ve\u00edculos oferece atualiza\u00e7\u00f5es de localiza\u00e7\u00e3o em tempo real, design dur\u00e1vel e f\u00e1cil instala\u00e7\u00e3o. Perfeito para gerentes de frota e distribuidores que buscam rastreamento confi\u00e1vel com pre\u00e7o direto da f\u00e1brica e suporte global.<\/p>","protected":false},"excerpt":{"rendered":"<p>Nosso rastreador GPS para ve\u00edculos oferece atualiza\u00e7\u00f5es de localiza\u00e7\u00e3o em tempo real, design dur\u00e1vel e f\u00e1cil instala\u00e7\u00e3o. Perfeito para gerentes de frota e distribuidores que buscam rastreamento confi\u00e1vel com pre\u00e7o direto da f\u00e1brica e suporte global.<\/p>","protected":false},"featured_media":0,"comment_status":"open","ping_status":"closed","template":"","meta":[],"product_brand":[],"product_cat":[23,55,57,56,54],"product_tag":[],"class_list":{"0":"post-15","1":"product","2":"type-product","3":"status-publish","5":"product_cat-4g-trackers","6":"product_cat-asset-container-gps-trackers","7":"product_cat-dash-cameras-video-telematics","8":"product_cat-personal-pet-gps-trackers","9":"product_cat-vehicle-gps-trackers","11":"first","12":"instock","13":"shipping-taxable","14":"purchasable","15":"product-type-simple"},"jetpack_sharing_enabled":true,"_links":{"self":[{"href":"https:\/\/vsterlink.com\/pt\/wp-json\/wp\/v2\/product\/15","targetHints":{"allow":["GET"]}}],"collection":[{"href":"https:\/\/vsterlink.com\/pt\/wp-json\/wp\/v2\/product"}],"about":[{"href":"https:\/\/vsterlink.com\/pt\/wp-json\/wp\/v2\/types\/product"}],"replies":[{"embeddable":true,"href":"https:\/\/vsterlink.com\/pt\/wp-json\/wp\/v2\/comments?post=15"}],"wp:attachment":[{"href":"https:\/\/vsterlink.com\/pt\/wp-json\/wp\/v2\/media?parent=15"}],"wp:term":[{"taxonomy":"product_brand","embeddable":true,"href":"https:\/\/vsterlink.com\/pt\/wp-json\/wp\/v2\/product_brand?post=15"},{"taxonomy":"product_cat","embeddable":true,"href":"https:\/\/vsterlink.com\/pt\/wp-json\/wp\/v2\/product_cat?post=15"},{"taxonomy":"product_tag","embeddable":true,"href":"https:\/\/vsterlink.com\/pt\/wp-json\/wp\/v2\/product_tag?post=15"}],"curies":[{"name":"wp","href":"https:\/\/api.w.org\/{rel}","templated":true}]}}