{"id":770,"date":"2026-04-08T13:34:17","date_gmt":"2026-04-08T13:34:17","guid":{"rendered":"https:\/\/vsterlink.com\/?page_id=770"},"modified":"2026-04-08T13:34:19","modified_gmt":"2026-04-08T13:34:19","slug":"latin-america-gps-tracking-solutions","status":"publish","type":"page","link":"https:\/\/vsterlink.com\/pt\/latin-america-gps-tracking-solutions\/","title":{"rendered":"Solu\u00e7\u00f5es de rastreamento GPS para a Am\u00e9rica Latina"},"content":{"rendered":"","protected":false},"excerpt":{"rendered":"","protected":false},"author":1,"featured_media":0,"parent":0,"menu_order":0,"comment_status":"closed","ping_status":"closed","template":"","meta":{"footnotes":""},"class_list":["post-770","page","type-page","status-publish","hentry"],"jetpack_sharing_enabled":true,"_links":{"self":[{"href":"https:\/\/vsterlink.com\/pt\/wp-json\/wp\/v2\/pages\/770","targetHints":{"allow":["GET"]}}],"collection":[{"href":"https:\/\/vsterlink.com\/pt\/wp-json\/wp\/v2\/pages"}],"about":[{"href":"https:\/\/vsterlink.com\/pt\/wp-json\/wp\/v2\/types\/page"}],"author":[{"embeddable":true,"href":"https:\/\/vsterlink.com\/pt\/wp-json\/wp\/v2\/users\/1"}],"replies":[{"embeddable":true,"href":"https:\/\/vsterlink.com\/pt\/wp-json\/wp\/v2\/comments?post=770"}],"version-history":[{"count":1,"href":"https:\/\/vsterlink.com\/pt\/wp-json\/wp\/v2\/pages\/770\/revisions"}],"predecessor-version":[{"id":771,"href":"https:\/\/vsterlink.com\/pt\/wp-json\/wp\/v2\/pages\/770\/revisions\/771"}],"wp:attachment":[{"href":"https:\/\/vsterlink.com\/pt\/wp-json\/wp\/v2\/media?parent=770"}],"curies":[{"name":"wp","href":"https:\/\/api.w.org\/{rel}","templated":true}]}}