{"id":19,"date":"2026-03-16T12:14:17","date_gmt":"2026-03-16T12:14:17","guid":{"rendered":"https:\/\/vsterlink.com\/product\/vehicle-gps-tracker-3\/"},"modified":"2026-04-07T08:54:38","modified_gmt":"2026-04-07T08:54:38","slug":"rastreador-gps-para-vehiculos-3","status":"publish","type":"product","link":"https:\/\/vsterlink.com\/es\/product\/vehicle-gps-tracker-3\/","title":{"rendered":"Rastreador GPS para veh\u00edculos"},"content":{"rendered":"<p>Nuestro rastreador GPS para veh\u00edculos ofrece actualizaciones de ubicaci\u00f3n en tiempo real, geovallas y un dise\u00f1o resistente, pensado para todo tipo de condiciones clim\u00e1ticas. Es ideal para administradores de flotas que buscan un sistema de rastreo confiable, f\u00e1cil de instalar y con conectividad 4G.<\/p>","protected":false},"excerpt":{"rendered":"<p>Nuestro rastreador GPS para veh\u00edculos ofrece actualizaciones de ubicaci\u00f3n en tiempo real, geovallas y un dise\u00f1o resistente, pensado para todo tipo de condiciones clim\u00e1ticas. Es ideal para administradores de flotas que buscan un sistema de rastreo confiable, f\u00e1cil de instalar y con conectividad 4G.<\/p>","protected":false},"featured_media":0,"comment_status":"open","ping_status":"closed","template":"","meta":[],"product_brand":[],"product_cat":[55,22,57,56,54],"product_tag":[],"class_list":{"0":"post-19","1":"product","2":"type-product","3":"status-publish","5":"product_cat-asset-container-gps-trackers","6":"product_cat-asset-trackers","7":"product_cat-dash-cameras-video-telematics","8":"product_cat-personal-pet-gps-trackers","9":"product_cat-vehicle-gps-trackers","11":"first","12":"instock","13":"shipping-taxable","14":"purchasable","15":"product-type-simple"},"jetpack_sharing_enabled":true,"_links":{"self":[{"href":"https:\/\/vsterlink.com\/es\/wp-json\/wp\/v2\/product\/19","targetHints":{"allow":["GET"]}}],"collection":[{"href":"https:\/\/vsterlink.com\/es\/wp-json\/wp\/v2\/product"}],"about":[{"href":"https:\/\/vsterlink.com\/es\/wp-json\/wp\/v2\/types\/product"}],"replies":[{"embeddable":true,"href":"https:\/\/vsterlink.com\/es\/wp-json\/wp\/v2\/comments?post=19"}],"wp:attachment":[{"href":"https:\/\/vsterlink.com\/es\/wp-json\/wp\/v2\/media?parent=19"}],"wp:term":[{"taxonomy":"product_brand","embeddable":true,"href":"https:\/\/vsterlink.com\/es\/wp-json\/wp\/v2\/product_brand?post=19"},{"taxonomy":"product_cat","embeddable":true,"href":"https:\/\/vsterlink.com\/es\/wp-json\/wp\/v2\/product_cat?post=19"},{"taxonomy":"product_tag","embeddable":true,"href":"https:\/\/vsterlink.com\/es\/wp-json\/wp\/v2\/product_tag?post=19"}],"curies":[{"name":"wp","href":"https:\/\/api.w.org\/{rel}","templated":true}]}}