{"id":29,"date":"2026-03-16T12:15:36","date_gmt":"2026-03-16T12:15:36","guid":{"rendered":"https:\/\/vsterlink.com\/certifications\/"},"modified":"2026-03-16T12:15:36","modified_gmt":"2026-03-16T12:15:36","slug":"certificaciones","status":"publish","type":"page","link":"https:\/\/vsterlink.com\/es\/certifications\/","title":{"rendered":"Certifications"},"content":{"rendered":"<div data-elementor-type=\"wp-page\" data-elementor-id=\"29\" class=\"elementor elementor-29\" data-elementor-post-type=\"page\">\n\t\t\t\t<div class=\"elementor-element elementor-element-8b05dc1 e-flex e-con-boxed e-con e-parent\" data-id=\"8b05dc1\" data-element_type=\"container\" data-e-type=\"container\">\n\t\t\t\t\t<div class=\"e-con-inner\">\n\t\t<div class=\"elementor-element elementor-element-4ed8323 e-con-full e-flex e-con e-child\" data-id=\"4ed8323\" data-element_type=\"container\" data-e-type=\"container\">\n\t\t\t\t<div class=\"elementor-element elementor-element-133f33a is-style-default hostinger-ai-title elementor-widget elementor-widget-heading\" data-id=\"133f33a\" data-element_type=\"widget\" data-e-type=\"widget\" data-widget_type=\"heading.default\">\n\t\t\t\t\t<h2 class=\"elementor-heading-title elementor-size-default\">Soluciones para flotas<\/h2>\t\t\t\t<\/div>\n\t\t\t\t<\/div>\n\t\t<div class=\"elementor-element elementor-element-29fad6e e-con-full e-grid e-con e-child\" data-id=\"29fad6e\" data-element_type=\"container\" data-e-type=\"container\">\n\t\t<div class=\"elementor-element elementor-element-90732f5 e-con-full e-flex e-con e-child\" data-id=\"90732f5\" data-element_type=\"container\" data-e-type=\"container\">\n\t\t\t\t<div class=\"elementor-element elementor-element-2e84f92 hostinger-ai-project-image hostinger-index-6 elementor-widget elementor-widget-image\" data-id=\"2e84f92\" data-element_type=\"widget\" data-e-type=\"widget\" data-widget_type=\"image.default\">\n\t\t\t\t\t\t\t\t\t\t\t\t\t\t\t<img decoding=\"async\" src=\"https:\/\/images.unsplash.com\/photo-1676434376192-b3440c3b2b42?q=85&#038;w=500&#038;h=500&#038;fit=crop\" title=\"\" alt=\"\" loading=\"lazy\" \/>\t\t\t\t\t\t\t\t\t\t\t\t\t\t\t<\/div>\n\t\t\t\t<div class=\"elementor-element elementor-element-4e035fe hostinger-ai-project-title hostinger-ai-font-bold elementor-widget elementor-widget-heading\" data-id=\"4e035fe\" data-element_type=\"widget\" data-e-type=\"widget\" data-widget_type=\"heading.default\">\n\t\t\t\t\t<p class=\"elementor-heading-title elementor-size-default\">Seguimiento de activos<\/p>\t\t\t\t<\/div>\n\t\t\t\t<div class=\"elementor-element elementor-element-6ae8101 hostinger-ai-project-description elementor-widget elementor-widget-text-editor\" data-id=\"6ae8101\" data-element_type=\"widget\" data-e-type=\"widget\" data-widget_type=\"text-editor.default\">\n\t\t\t\t\t\t\t\t\tMantenga a salvo sus equipos valiosos con actualizaciones de ubicaci\u00f3n en tiempo real y alertas dise\u00f1adas espec\u00edficamente para la gesti\u00f3n de activos.\t\t\t\t\t\t\t\t<\/div>\n\t\t\t\t<\/div>\n\t\t<div class=\"elementor-element elementor-element-9c34e97 e-con-full e-flex e-con e-child\" data-id=\"9c34e97\" data-element_type=\"container\" data-e-type=\"container\">\n\t\t\t\t<div class=\"elementor-element elementor-element-c225266 hostinger-ai-project-image hostinger-index-7 elementor-widget elementor-widget-image\" data-id=\"c225266\" data-element_type=\"widget\" data-e-type=\"widget\" data-widget_type=\"image.default\">\n\t\t\t\t\t\t\t\t\t\t\t\t\t\t\t<img decoding=\"async\" src=\"https:\/\/images.unsplash.com\/photo-1639060015191-9d83063eab2a?q=85&#038;w=500&#038;h=550&#038;fit=crop\" title=\"\" alt=\"\" loading=\"lazy\" \/>\t\t\t\t\t\t\t\t\t\t\t\t\t\t\t<\/div>\n\t\t\t\t<div class=\"elementor-element elementor-element-791a5c4 hostinger-ai-project-title hostinger-index-1 hostinger-ai-font-bold elementor-widget elementor-widget-heading\" data-id=\"791a5c4\" data-element_type=\"widget\" data-e-type=\"widget\" data-widget_type=\"heading.default\">\n\t\t\t\t\t<p class=\"elementor-heading-title elementor-size-default\">Seguridad para motocicletas<\/p>\t\t\t\t<\/div>\n\t\t\t\t<div class=\"elementor-element elementor-element-7f16dd8 hostinger-ai-project-description hostinger-index-1 elementor-widget elementor-widget-text-editor\" data-id=\"7f16dd8\" data-element_type=\"widget\" data-e-type=\"widget\" data-widget_type=\"text-editor.default\">\n\t\t\t\t\t\t\t\t\tProteja sus motocicletas contra el robo con rastreadores discretos que ofrecen notificaciones instant\u00e1neas y una instalaci\u00f3n sencilla.\t\t\t\t\t\t\t\t<\/div>\n\t\t\t\t<\/div>\n\t\t<div class=\"elementor-element elementor-element-694368d e-con-full e-flex e-con e-child\" data-id=\"694368d\" data-element_type=\"container\" data-e-type=\"container\">\n\t\t\t\t<div class=\"elementor-element elementor-element-777a1ac hostinger-ai-project-image hostinger-index-8 elementor-widget elementor-widget-image\" data-id=\"777a1ac\" data-element_type=\"widget\" data-e-type=\"widget\" data-widget_type=\"image.default\">\n\t\t\t\t\t\t\t\t\t\t\t\t\t\t\t<img decoding=\"async\" src=\"https:\/\/images.unsplash.com\/photo-1499087972600-5ae61724ff2b?q=85&#038;w=500&#038;h=500&#038;fit=crop\" title=\"\" alt=\"\" loading=\"lazy\" \/>\t\t\t\t\t\t\t\t\t\t\t\t\t\t\t<\/div>\n\t\t\t\t<div class=\"elementor-element elementor-element-da7ff78 hostinger-ai-project-title hostinger-index-2 hostinger-ai-font-bold elementor-widget elementor-widget-heading\" data-id=\"da7ff78\" data-element_type=\"widget\" data-e-type=\"widget\" data-widget_type=\"heading.default\">\n\t\t\t\t\t<p class=\"elementor-heading-title elementor-size-default\">Rastreadores 4G<\/p>\t\t\t\t<\/div>\n\t\t\t\t<div class=\"elementor-element elementor-element-e056149 hostinger-ai-project-description hostinger-index-2 elementor-widget elementor-widget-text-editor\" data-id=\"e056149\" data-element_type=\"widget\" data-e-type=\"widget\" data-widget_type=\"text-editor.default\">\n\t\t\t\t\t\t\t\t\tDisfrute de un seguimiento m\u00e1s r\u00e1pido y fiable con nuestros avanzados dispositivos GPS 4G, dise\u00f1ados para ofrecer cobertura mundial.\t\t\t\t\t\t\t\t<\/div>\n\t\t\t\t<\/div>\n\t\t<div class=\"elementor-element elementor-element-4492d17 e-con-full e-flex e-con e-child\" data-id=\"4492d17\" data-element_type=\"container\" data-e-type=\"container\">\n\t\t\t\t<div class=\"elementor-element elementor-element-791fd0f hostinger-ai-project-image hostinger-index-9 elementor-widget elementor-widget-image\" data-id=\"791fd0f\" data-element_type=\"widget\" data-e-type=\"widget\" data-widget_type=\"image.default\">\n\t\t\t\t\t\t\t\t\t\t\t\t\t\t\t<img decoding=\"async\" src=\"https:\/\/images.unsplash.com\/flagged\/photo-1554692938-b59814c27db8?q=85&#038;w=500&#038;h=550&#038;fit=crop\" title=\"\" alt=\"\" loading=\"lazy\" \/>\t\t\t\t\t\t\t\t\t\t\t\t\t\t\t<\/div>\n\t\t\t\t<div class=\"elementor-element elementor-element-bafaa10 hostinger-ai-project-title hostinger-index-1 hostinger-ai-font-bold hostinger-index-3 elementor-widget elementor-widget-heading\" data-id=\"bafaa10\" data-element_type=\"widget\" data-e-type=\"widget\" data-widget_type=\"heading.default\">\n\t\t\t\t\t<p class=\"elementor-heading-title elementor-size-default\">Seguridad para motocicletas<\/p>\t\t\t\t<\/div>\n\t\t\t\t<div class=\"elementor-element elementor-element-421f2f0 hostinger-ai-project-description hostinger-index-3 elementor-widget elementor-widget-text-editor\" data-id=\"421f2f0\" data-element_type=\"widget\" data-e-type=\"widget\" data-widget_type=\"text-editor.default\">\n\t\t\t\t\t\t\t\t\tRastreadores OBD \u00abplug-and-play\u00bb que ofrecen diagn\u00f3sticos del veh\u00edculo junto con datos de ubicaci\u00f3n precisos.\t\t\t\t\t\t\t\t<\/div>\n\t\t\t\t<\/div>\n\t\t\t\t<\/div>\n\t\t\t\t\t<\/div>\n\t\t\t\t<\/div>\n\t\t<div class=\"elementor-element elementor-element-36b762c hostinger-ai-customer-reviews-2 e-flex e-con-boxed e-con e-parent\" data-id=\"36b762c\" data-element_type=\"container\" data-e-type=\"container\" data-settings=\"{&quot;background_background&quot;:&quot;classic&quot;}\">\n\t\t\t\t\t<div class=\"e-con-inner\">\n\t\t<div class=\"elementor-element elementor-element-384b9be e-grid e-con-full e-con e-child\" data-id=\"384b9be\" data-element_type=\"container\" data-e-type=\"container\">\n\t\t<div class=\"elementor-element elementor-element-27f457a e-con-full e-flex e-con e-child\" data-id=\"27f457a\" data-element_type=\"container\" data-e-type=\"container\">\n\t\t\t\t<div class=\"elementor-element elementor-element-96fd1f1 hostinger-ai-testimonial-image hostinger-index-2 elementor-widget elementor-widget-image\" data-id=\"96fd1f1\" data-element_type=\"widget\" data-e-type=\"widget\" data-widget_type=\"image.default\">\n\t\t\t\t\t\t\t\t\t\t\t\t\t\t\t<img decoding=\"async\" src=\"https:\/\/vsterlink.com\/wp-content\/themes\/hostinger-ai-theme\/assets\/images\/testimonials\/man-3-400x450-c.jpg\" title=\"\" alt=\"\" loading=\"lazy\" \/>\t\t\t\t\t\t\t\t\t\t\t\t\t\t\t<\/div>\n\t\t\t\t<\/div>\n\t\t<div class=\"elementor-element elementor-element-c47ee61 e-con-full e-flex e-con e-child\" data-id=\"c47ee61\" data-element_type=\"container\" data-e-type=\"container\">\n\t\t<div class=\"elementor-element elementor-element-839cc74 e-con-full e-flex e-con e-child\" data-id=\"839cc74\" data-element_type=\"container\" data-e-type=\"container\">\n\t\t\t\t<div class=\"elementor-element elementor-element-706a5dd hostinger-ai-subtitle elementor-widget elementor-widget-text-editor\" data-id=\"706a5dd\" data-element_type=\"widget\" data-e-type=\"widget\" data-widget_type=\"text-editor.default\">\n\t\t\t\t\t\t\t\t\tSocios de confianza\t\t\t\t\t\t\t\t<\/div>\n\t\t\t\t<div class=\"elementor-element elementor-element-b45648b hostinger-ai-testimonial-text hostinger-ai-font-bold hostinger-index-2 elementor-widget elementor-widget-text-editor\" data-id=\"b45648b\" data-element_type=\"widget\" data-e-type=\"widget\" data-widget_type=\"text-editor.default\">\n\t\t\t\t\t\t\t\t\tLos rastreadores GPS de vsterlink han transformado la gesti\u00f3n de nuestra flota: dispositivos fiables y un excelente servicio de asistencia en todo momento.\t\t\t\t\t\t\t\t<\/div>\n\t\t\t\t<\/div>\n\t\t\t\t<\/div>\n\t\t\t\t<\/div>\n\t\t\t\t\t<\/div>\n\t\t\t\t<\/div>\n\t\t<div class=\"elementor-element elementor-element-597439c hostinger-ai-about-us-1 e-flex e-con-boxed e-con e-parent\" data-id=\"597439c\" data-element_type=\"container\" data-e-type=\"container\">\n\t\t\t\t\t<div class=\"e-con-inner\">\n\t\t<div class=\"elementor-element elementor-element-9381adf e-con-full e-grid e-con e-child\" data-id=\"9381adf\" data-element_type=\"container\" data-e-type=\"container\">\n\t\t<div class=\"elementor-element elementor-element-4467dfa e-con-full e-flex e-con e-child\" data-id=\"4467dfa\" data-element_type=\"container\" data-e-type=\"container\">\n\t\t\t\t<div class=\"elementor-element elementor-element-8f2a5d3 hostinger-ai-title elementor-widget elementor-widget-heading\" data-id=\"8f2a5d3\" data-element_type=\"widget\" data-e-type=\"widget\" data-widget_type=\"heading.default\">\n\t\t\t\t\t<h2 class=\"elementor-heading-title elementor-size-default\">Nuestras certificaciones<\/h2>\t\t\t\t<\/div>\n\t\t\t\t<\/div>\n\t\t<div class=\"elementor-element elementor-element-c11dee4 e-con-full e-flex e-con e-child\" data-id=\"c11dee4\" data-element_type=\"container\" data-e-type=\"container\">\n\t\t\t\t<div class=\"elementor-element elementor-element-090e94c hostinger-ai-description elementor-widget elementor-widget-text-editor\" data-id=\"090e94c\" data-element_type=\"widget\" data-e-type=\"widget\" data-widget_type=\"text-editor.default\">\n\t\t\t\t\t\t\t\t\tEn vsterlink, nuestros rastreadores GPS cumplen con las estrictas normas CE, RoHS, FCC e ISO, lo que garantiza calidad y confiabilidad a nuestros socios de todo el mundo.\t\t\t\t\t\t\t\t<\/div>\n\t\t\t\t<div class=\"elementor-element elementor-element-b157ef3 hostinger-ai-cta-button hostinger-index-0 elementor-widget elementor-widget-button\" data-id=\"b157ef3\" data-element_type=\"widget\" data-e-type=\"widget\" data-widget_type=\"button.default\">\n\t\t\t\t\t\t\t\t\t\t<a class=\"elementor-button elementor-button-link elementor-size-sm\" href=\"https:\/\/vsterlink.com\/es\/producto\/rastreador-gps-para-vehiculos-2\/\">\n\t\t\t\t\t\t<span class=\"elementor-button-content-wrapper\">\n\t\t\t\t\t\t\t\t\t<span class=\"elementor-button-text\">M\u00e1s informaci\u00f3n<\/span>\n\t\t\t\t\t<\/span>\n\t\t\t\t\t<\/a>\n\t\t\t\t\t\t\t\t<\/div>\n\t\t\t\t<\/div>\n\t\t\t\t<\/div>\n\t\t<div class=\"elementor-element elementor-element-601be53 image-row e-con-full e-flex e-con e-child\" data-id=\"601be53\" data-element_type=\"container\" data-e-type=\"container\">\n\t\t\t\t<div class=\"elementor-element elementor-element-57f0e99 hostinger-ai-image hostinger-index-6 elementor-widget elementor-widget-image\" data-id=\"57f0e99\" data-element_type=\"widget\" data-e-type=\"widget\" data-widget_type=\"image.default\">\n\t\t\t\t\t\t\t\t\t\t\t\t\t\t\t<img decoding=\"async\" src=\"https:\/\/images.unsplash.com\/photo-1640611024947-15f8066424c0?q=85&#038;w=350&#038;h=300&#038;fit=crop\" title=\"\" alt=\"\" loading=\"lazy\" \/>\t\t\t\t\t\t\t\t\t\t\t\t\t\t\t<\/div>\n\t\t\t\t<div class=\"elementor-element elementor-element-b8ff7d4 hostinger-ai-image hostinger-index-7 elementor-widget elementor-widget-image\" data-id=\"b8ff7d4\" data-element_type=\"widget\" data-e-type=\"widget\" data-widget_type=\"image.default\">\n\t\t\t\t\t\t\t\t\t\t\t\t\t\t\t<img decoding=\"async\" src=\"https:\/\/images.unsplash.com\/photo-1625217527288-93919c99650a?q=85&#038;w=750&#038;h=300&#038;fit=crop\" title=\"\" alt=\"\" loading=\"lazy\" \/>\t\t\t\t\t\t\t\t\t\t\t\t\t\t\t<\/div>\n\t\t\t\t<\/div>\n\t\t\t\t\t<\/div>\n\t\t\t\t<\/div>\n\t\t<div class=\"elementor-element elementor-element-425a1bf e-flex e-con-boxed e-con e-parent\" data-id=\"425a1bf\" data-element_type=\"container\" data-e-type=\"container\" data-settings=\"{&quot;background_background&quot;:&quot;classic&quot;}\">\n\t\t\t\t\t<div class=\"e-con-inner\">\n\t\t<div class=\"elementor-element elementor-element-8eb3a11 e-con-full e-flex e-con e-child\" data-id=\"8eb3a11\" data-element_type=\"container\" data-e-type=\"container\">\n\t\t\t\t<div class=\"elementor-element elementor-element-2516ff0 hostinger-ai-title elementor-widget elementor-widget-heading\" data-id=\"2516ff0\" data-element_type=\"widget\" data-e-type=\"widget\" data-widget_type=\"heading.default\">\n\t\t\t\t\t<h2 class=\"elementor-heading-title elementor-size-default\">Obt\u00e9n la certificaci\u00f3n<\/h2>\t\t\t\t<\/div>\n\t\t\t\t<div class=\"elementor-element elementor-element-bb2189c elementor-widget__width-initial hostinger-ai-description elementor-widget elementor-widget-text-editor\" data-id=\"bb2189c\" data-element_type=\"widget\" data-e-type=\"widget\" data-widget_type=\"text-editor.default\">\n\t\t\t\t\t\t\t\t\t\u00danete a la red de confianza de vsterlink e impulsa tu negocio con nuestras soluciones GPS certificadas.\t\t\t\t\t\t\t\t<\/div>\n\t\t\t\t<div class=\"elementor-element elementor-element-c0f4a8e hostinger-ai-cta-button hostinger-index-0 elementor-widget elementor-widget-button\" data-id=\"c0f4a8e\" data-element_type=\"widget\" data-e-type=\"widget\" data-widget_type=\"button.default\">\n\t\t\t\t\t\t\t\t\t\t<a class=\"elementor-button elementor-button-link elementor-size-sm\" href=\"https:\/\/vsterlink.com\/es\/producto\/rastreador-gps-para-vehiculos-3\/\">\n\t\t\t\t\t\t<span class=\"elementor-button-content-wrapper\">\n\t\t\t\t\t\t\t\t\t<span class=\"elementor-button-text\">Solicitar<\/span>\n\t\t\t\t\t<\/span>\n\t\t\t\t\t<\/a>\n\t\t\t\t\t\t\t\t<\/div>\n\t\t\t\t<\/div>\n\t\t\t\t\t<\/div>\n\t\t\t\t<\/div>\n\t\t<div class=\"elementor-element elementor-element-d3111dd e-flex e-con-boxed e-con e-parent\" data-id=\"d3111dd\" data-element_type=\"container\" data-e-type=\"container\">\n\t\t\t\t\t<div class=\"e-con-inner\">\n\t\t<div class=\"elementor-element elementor-element-3ae9a29 e-grid hostinger-ai-contact-form-2 e-con-full e-con e-child\" data-id=\"3ae9a29\" data-element_type=\"container\" data-e-type=\"container\">\n\t\t<div class=\"elementor-element elementor-element-28d18f8 e-con-full e-flex e-con e-child\" data-id=\"28d18f8\" data-element_type=\"container\" data-e-type=\"container\">\n\t\t\t\t<div class=\"elementor-element elementor-element-b2a0b14 hostinger-ai-title elementor-widget elementor-widget-heading\" data-id=\"b2a0b14\" data-element_type=\"widget\" data-e-type=\"widget\" data-widget_type=\"heading.default\">\n\t\t\t\t\t<h2 class=\"elementor-heading-title elementor-size-default\">Cont\u00e1ctanos<\/h2>\t\t\t\t<\/div>\n\t\t\t\t<div class=\"elementor-element elementor-element-95ecea1 hostinger-ai-description elementor-widget elementor-widget-text-editor\" data-id=\"95ecea1\" data-element_type=\"widget\" data-e-type=\"widget\" data-widget_type=\"text-editor.default\">\n\t\t\t\t\t\t\t\t\tAhora\t\t\t\t\t\t\t\t<\/div>\n\t\t\t\t<\/div>\n\t\t<div class=\"elementor-element elementor-element-9aa380d e-con-full e-flex e-con e-child\" data-id=\"9aa380d\" data-element_type=\"container\" data-e-type=\"container\">\n\t\t\t\t<div class=\"elementor-element elementor-element-873cd9d hostinger-ai-image elementor-widget elementor-widget-image\" data-id=\"873cd9d\" data-element_type=\"widget\" data-e-type=\"widget\" data-widget_type=\"image.default\">\n\t\t\t\t\t\t\t\t\t\t\t\t\t\t\t<img decoding=\"async\" src=\"https:\/\/images.unsplash.com\/photo-1532288744908-b37abee2ed71?q=85&#038;w=400&#038;h=400&#038;fit=crop\" title=\"\" alt=\"\" loading=\"lazy\" \/>\t\t\t\t\t\t\t\t\t\t\t\t\t\t\t<\/div>\n\t\t\t\t<\/div>\n\t\t\t\t<\/div>\n\t\t\t\t\t<\/div>\n\t\t\t\t<\/div>\n\t\t\t\t<\/div>","protected":false},"excerpt":{"rendered":"","protected":false},"author":1,"featured_media":0,"parent":0,"menu_order":0,"comment_status":"closed","ping_status":"closed","template":"","meta":{"footnotes":""},"class_list":["post-29","page","type-page","status-publish","hentry"],"jetpack_sharing_enabled":true,"_links":{"self":[{"href":"https:\/\/vsterlink.com\/es\/wp-json\/wp\/v2\/pages\/29","targetHints":{"allow":["GET"]}}],"collection":[{"href":"https:\/\/vsterlink.com\/es\/wp-json\/wp\/v2\/pages"}],"about":[{"href":"https:\/\/vsterlink.com\/es\/wp-json\/wp\/v2\/types\/page"}],"author":[{"embeddable":true,"href":"https:\/\/vsterlink.com\/es\/wp-json\/wp\/v2\/users\/1"}],"replies":[{"embeddable":true,"href":"https:\/\/vsterlink.com\/es\/wp-json\/wp\/v2\/comments?post=29"}],"version-history":[{"count":0,"href":"https:\/\/vsterlink.com\/es\/wp-json\/wp\/v2\/pages\/29\/revisions"}],"wp:attachment":[{"href":"https:\/\/vsterlink.com\/es\/wp-json\/wp\/v2\/media?parent=29"}],"curies":[{"name":"wp","href":"https:\/\/api.w.org\/{rel}","templated":true}]}}